{"id":8375,"date":"2024-03-14T14:54:07","date_gmt":"2024-03-14T13:54:07","guid":{"rendered":"https:\/\/prima-tours.dz\/?page_id=8375"},"modified":"2024-03-18T23:06:45","modified_gmt":"2024-03-18T22:06:45","slug":"tourisme-etranger","status":"publish","type":"page","link":"https:\/\/prima-tours.dz\/ar\/tourisme-etranger\/","title":{"rendered":"\u0633\u064a\u0627\u062d\u0629 \u062e\u0627\u0631\u062c\u064a\u0629"},"content":{"rendered":"<div data-elementor-type=\"wp-page\" data-elementor-id=\"8375\" class=\"elementor elementor-8375\" data-elementor-post-type=\"page\">\n\t\t\t\t\t\t<section class=\"elementor-section elementor-top-section elementor-element elementor-element-c297852 elementor-section-boxed elementor-section-height-default elementor-section-height-default\" data-id=\"c297852\" data-element_type=\"section\">\n\t\t\t\t\t\t<div class=\"elementor-container elementor-column-gap-no\">\n\t\t\t\t\t<div class=\"elementor-column elementor-col-33 elementor-top-column elementor-element elementor-element-f83b7d1\" data-id=\"f83b7d1\" data-element_type=\"column\">\n\t\t\t<div class=\"elementor-widget-wrap\">\n\t\t\t\t\t\t\t<\/div>\n\t\t<\/div>\n\t\t\t\t<div class=\"elementor-column elementor-col-33 elementor-top-column elementor-element elementor-element-1d36684\" data-id=\"1d36684\" data-element_type=\"column\">\n\t\t\t<div class=\"elementor-widget-wrap elementor-element-populated\">\n\t\t\t\t\t\t<div class=\"elementor-element elementor-element-78300f3 elementor-widget elementor-widget-turio_heading\" data-id=\"78300f3\" data-element_type=\"widget\" data-widget_type=\"turio_heading.default\">\n\t\t\t\t<div class=\"elementor-widget-container\">\n\t\t\t\t\t\t\t\t\t<div class=\"turio-heading-area wow animate fadeInUp\" data-wow-delay=\"400ms\">\n\t\t\t\t\t<div class=\"heading-section\">\n\t\t\t\t\t\t\t\t\t\t\t\t<div class=\"heading-subtitle\">\n\t\t\t\t\t\t\t\t<h4>\u0647\u0644 \u0627\u0646\u062a \u0645\u0633\u062a\u0639\u062f ?<\/h4>\n\t\t\t\t\t\t\t<\/div>\n\t\t\t\t\t\t\t\t\t\t\t\t\t\t\t\t\t\t\t<div class=\"heading-title section-head-gamma\">\n\t\t\t\t\t\t\t\t<h2>\u0644\u0627\u0643\u062a\u0634\u0627\u0641 \u0627\u0628\u0631\u0632 \u0648\u062c\u0647\u0627\u062a\u0646\u0627 \u0627\u0644\u0633\u064a\u0627\u062d\u064a\u0629<\/h2>\t\t\t\t\t\t\t<\/div>\n\t\t\t\t\t\t\t\t\t\t\t\t\t\t\t\t\t\t\t<div class=\"heading-description\">\n\t\t\t\t\t\t\t\t<p>\n<\/p>\n\t\t\t\t\t\t\t<\/div>\n\t\t\t\t\t\t\t\t\t\t\t\t\n\t\t\t\t\t<\/div>\n\t\t\t\t<\/div>\n        \t\t\t\t<\/div>\n\t\t\t\t<\/div>\n\t\t\t\t\t<\/div>\n\t\t<\/div>\n\t\t\t\t<div class=\"elementor-column elementor-col-33 elementor-top-column elementor-element elementor-element-977d8be\" data-id=\"977d8be\" data-element_type=\"column\">\n\t\t\t<div class=\"elementor-widget-wrap\">\n\t\t\t\t\t\t\t<\/div>\n\t\t<\/div>\n\t\t\t\t\t<\/div>\n\t\t<\/section>\n\t\t\t\t<section class=\"elementor-section elementor-top-section elementor-element elementor-element-81c9062 elementor-section-full_width elementor-section-height-default elementor-section-height-default\" data-id=\"81c9062\" data-element_type=\"section\">\n\t\t\t\t\t\t<div class=\"elementor-container elementor-column-gap-no\">\n\t\t\t\t\t<div class=\"elementor-column elementor-col-100 elementor-top-column elementor-element elementor-element-2a4e3e1\" data-id=\"2a4e3e1\" data-element_type=\"column\">\n\t\t\t<div class=\"elementor-widget-wrap elementor-element-populated\">\n\t\t\t\t\t\t<div class=\"elementor-element elementor-element-87d5157 elementor-widget elementor-widget-turio_destination_grid\" data-id=\"87d5157\" data-element_type=\"widget\" data-widget_type=\"turio_destination_grid.default\">\n\t\t\t\t<div class=\"elementor-widget-container\">\n\t\t\t\t\t    <div class=\"destination-wrapper\">\n        <div class=\"container\">\n            <div class=\"row g-3\">\n\t\t\t\t\n                \t\t\t\t\t\n                                        \n\t\t\t\t\t\t\t\t\t\t\t<div class=\"col-xl-3 col-lg-3 col-md-4 col-sm-10\">\n\t\t\t\t\t                        <div class=\"destination-card-style-two wow animate fadeInUp\" data-wow-duration=\"1500ms\" data-wow-delay=\"400ms\">\n                                                            <div class=\"d-card-thumb\">\n                                    <a href=\"https:\/\/prima-tours.dz\/ar\/destination\/egypte\/\">\n                                        <img decoding=\"async\" src=\"https:\/\/prima-tours.dz\/wp-content\/uploads\/2022\/07\/prima-tours-primatours-algerie-agence-de-voyage-dely-ibrahim-russie-saint-petersburg\u062b\u0644\u063a\u062d\u0641\u062b-1.jpg\" alt=\"\">\n                                    <\/a>\n                                <\/div>\n                                                        <div class=\"d-card-content\">\n                                                                    <h4 class=\"destination-title\">\n                                        <a href=\"https:\/\/prima-tours.dz\/ar\/destination\/egypte\/\">\u0645\u0635\u0631<\/a>\n                                    <\/h4>\n                                                                                                    <div class=\"place-count\">\n                                        <span>1<\/span> Place                                    <\/div>\n                                                            <\/div>\n                        <\/div>\n                    <\/div>\n                \t\t\t\t\n                                        \n\t\t\t\t\t\t\t\t\t\t\t<div class=\"col-xl-3 col-lg-3 col-md-4 col-sm-10\">\n\t\t\t\t\t                        <div class=\"destination-card-style-two wow animate fadeInUp\" data-wow-duration=\"1500ms\" data-wow-delay=\"600ms\">\n                                                            <div class=\"d-card-thumb\">\n                                    <a href=\"https:\/\/prima-tours.dz\/ar\/destination\/arabie-saoudite\/\">\n                                        <img decoding=\"async\" src=\"https:\/\/prima-tours.dz\/wp-content\/uploads\/2024\/03\/prima-tours-primatours-algerie-agence-de-voyage-dely-ibrahim-hadj-omra-2.jpg\" alt=\"\">\n                                    <\/a>\n                                <\/div>\n                                                        <div class=\"d-card-content\">\n                                                                    <h4 class=\"destination-title\">\n                                        <a href=\"https:\/\/prima-tours.dz\/ar\/destination\/arabie-saoudite\/\">\u0627\u0644\u0633\u0639\u0648\u062f\u064a\u0629<\/a>\n                                    <\/h4>\n                                                                                            <\/div>\n                        <\/div>\n                    <\/div>\n                \t\t\t\t\n                                        \n\t\t\t\t\t\t\t\t\t\t\t<div class=\"col-xl-3 col-lg-3 col-md-4 col-sm-10\">\n\t\t\t\t\t                        <div class=\"destination-card-style-two wow animate fadeInUp\" data-wow-duration=\"1500ms\" data-wow-delay=\"800ms\">\n                                                            <div class=\"d-card-thumb\">\n                                    <a href=\"https:\/\/prima-tours.dz\/ar\/destination\/hadj\/\">\n                                        <img decoding=\"async\" src=\"https:\/\/prima-tours.dz\/wp-content\/uploads\/2024\/03\/prima-tours-primatours-algerie-agence-de-voyage-dely-ibrahim-14.jpg\" alt=\"\">\n                                    <\/a>\n                                <\/div>\n                                                        <div class=\"d-card-content\">\n                                                                    <h4 class=\"destination-title\">\n                                        <a href=\"https:\/\/prima-tours.dz\/ar\/destination\/hadj\/\">\u0627\u0644\u062d\u062c<\/a>\n                                    <\/h4>\n                                                                                                    <div class=\"place-count\">\n                                        <span>1<\/span> Place                                    <\/div>\n                                                            <\/div>\n                        <\/div>\n                    <\/div>\n                \t\t\t\t\n                                        \n\t\t\t\t\t\t\t\t\t\t\t<div class=\"col-xl-3 col-lg-3 col-md-4 col-sm-10\">\n\t\t\t\t\t                        <div class=\"destination-card-style-two wow animate fadeInUp\" data-wow-duration=\"1500ms\" data-wow-delay=\"1000ms\">\n                                                            <div class=\"d-card-thumb\">\n                                    <a href=\"https:\/\/prima-tours.dz\/ar\/destination\/omra\/\">\n                                        <img decoding=\"async\" src=\"https:\/\/prima-tours.dz\/wp-content\/uploads\/2024\/03\/prima-tours-primatours-algerie-agence-de-voyage-dely-ibrahim-omra.jpg\" alt=\"\">\n                                    <\/a>\n                                <\/div>\n                                                        <div class=\"d-card-content\">\n                                                                    <h4 class=\"destination-title\">\n                                        <a href=\"https:\/\/prima-tours.dz\/ar\/destination\/omra\/\">\u0639\u0645\u0631\u0629<\/a>\n                                    <\/h4>\n                                                                                                    <div class=\"place-count\">\n                                        <span>1<\/span> Place                                    <\/div>\n                                                            <\/div>\n                        <\/div>\n                    <\/div>\n                \t\t\t\t\n                                        \n\t\t\t\t\t\t\t\t\t\t\t<div class=\"col-xl-3 col-lg-3 col-md-4 col-sm-10\">\n\t\t\t\t\t                        <div class=\"destination-card-style-two wow animate fadeInUp\" data-wow-duration=\"1500ms\" data-wow-delay=\"1200ms\">\n                                                            <div class=\"d-card-thumb\">\n                                    <a href=\"https:\/\/prima-tours.dz\/ar\/destination\/russie\/\">\n                                        <img decoding=\"async\" src=\"https:\/\/prima-tours.dz\/wp-content\/uploads\/2022\/07\/prima-tours-primatours-algerie-agence-de-voyage-dely-ibrahim-russie-saint-petersburg.webp\" alt=\"\">\n                                    <\/a>\n                                <\/div>\n                                                        <div class=\"d-card-content\">\n                                                                    <h4 class=\"destination-title\">\n                                        <a href=\"https:\/\/prima-tours.dz\/ar\/destination\/russie\/\">\u0631\u0648\u0633\u064a\u0627<\/a>\n                                    <\/h4>\n                                                                                                    <div class=\"place-count\">\n                                        <span>1<\/span> Place                                    <\/div>\n                                                            <\/div>\n                        <\/div>\n                    <\/div>\n                \t\t\t\t\n                                        \n\t\t\t\t\t\t\t\t\t\t\t<div class=\"col-xl-3 col-lg-3 col-md-4 col-sm-10\">\n\t\t\t\t\t                        <div class=\"destination-card-style-two wow animate fadeInUp\" data-wow-duration=\"1500ms\" data-wow-delay=\"1400ms\">\n                                                            <div class=\"d-card-thumb\">\n                                    <a href=\"https:\/\/prima-tours.dz\/ar\/destination\/inde\/\">\n                                        <img decoding=\"async\" src=\"https:\/\/www.turio-wp.egenslab.com\/wp-content\/uploads\/2022\/11\/shan-elahi-DDiLYt_F88w-unsplash-1-1-1.jpg\" alt=\"\">\n                                    <\/a>\n                                <\/div>\n                                                        <div class=\"d-card-content\">\n                                                                    <h4 class=\"destination-title\">\n                                        <a href=\"https:\/\/prima-tours.dz\/ar\/destination\/inde\/\">\u0627\u0644\u0647\u0646\u062f<\/a>\n                                    <\/h4>\n                                                                                                    <div class=\"place-count\">\n                                        <span>1<\/span> Place                                    <\/div>\n                                                            <\/div>\n                        <\/div>\n                    <\/div>\n                \t\t\t\t\n                                        \n\t\t\t\t\t\t\t\t\t\t\t<div class=\"col-xl-3 col-lg-3 col-md-4 col-sm-10\">\n\t\t\t\t\t                        <div class=\"destination-card-style-two wow animate fadeInUp\" data-wow-duration=\"1500ms\" data-wow-delay=\"1600ms\">\n                                                            <div class=\"d-card-thumb\">\n                                    <a href=\"https:\/\/prima-tours.dz\/ar\/destination\/chine\/\">\n                                        <img decoding=\"async\" src=\"https:\/\/www.turio-wp.egenslab.com\/wp-content\/uploads\/2023\/08\/China-2.png\" alt=\"\">\n                                    <\/a>\n                                <\/div>\n                                                        <div class=\"d-card-content\">\n                                                                    <h4 class=\"destination-title\">\n                                        <a href=\"https:\/\/prima-tours.dz\/ar\/destination\/chine\/\">\u0627\u0644\u0635\u064a\u0646<\/a>\n                                    <\/h4>\n                                                                                                    <div class=\"place-count\">\n                                        <span>1<\/span> Place                                    <\/div>\n                                                            <\/div>\n                        <\/div>\n                    <\/div>\n                            <\/div>\n        <\/div>\n    <\/div>\n\t\t\t\t\t\t<\/div>\n\t\t\t\t<\/div>\n\t\t\t\t\t<\/div>\n\t\t<\/div>\n\t\t\t\t\t<\/div>\n\t\t<\/section>\n\t\t\t\t<\/div>","protected":false},"excerpt":{"rendered":"<p>\u00cates-vous pr\u00eat ? Explorez les principales destinations \u00c9gypte 1 Place Arabie Saoudite Hadj 1 Place Omra 1 Place Russie 1 Place Inde 1 Place Chine 1 Place<\/p>","protected":false},"author":1,"featured_media":0,"parent":0,"menu_order":0,"comment_status":"closed","ping_status":"closed","template":"","meta":{"inline_featured_image":false,"footnotes":""},"class_list":["post-8375","page","type-page","status-publish","hentry"],"yoast_head":"<!-- This site is optimized with the Yoast SEO plugin v25.1 - https:\/\/yoast.com\/wordpress\/plugins\/seo\/ -->\n<title>TOURISME \u00c9TRANGER - PRIMA TOURS<\/title>\n<meta name=\"description\" content=\"\u00cates-vous pr\u00eat ? Explorez les principales destinations \u00c9gypte 1 Place Arabie Saoudite Hadj 1 Place Omra 1 Place Russie 1 Place Inde 1 Place Chine 1\" \/>\n<meta name=\"robots\" content=\"index, follow, max-snippet:-1, max-image-preview:large, max-video-preview:-1\" \/>\n<link rel=\"canonical\" href=\"https:\/\/prima-tours.dz\/ar\/tourisme-etranger\/\" \/>\n<meta property=\"og:locale\" content=\"ar_AR\" \/>\n<meta property=\"og:type\" content=\"article\" \/>\n<meta property=\"og:title\" content=\"TOURISME \u00c9TRANGER - PRIMA TOURS\" \/>\n<meta property=\"og:description\" content=\"\u00cates-vous pr\u00eat ? Explorez les principales destinations \u00c9gypte 1 Place Arabie Saoudite Hadj 1 Place Omra 1 Place Russie 1 Place Inde 1 Place Chine 1\" \/>\n<meta property=\"og:url\" content=\"https:\/\/prima-tours.dz\/ar\/tourisme-etranger\/\" \/>\n<meta property=\"og:site_name\" content=\"PRIMA TOURS\" \/>\n<meta property=\"article:modified_time\" content=\"2024-03-18T22:06:45+00:00\" \/>\n<meta property=\"og:image\" content=\"https:\/\/prima-tours.dz\/wp-content\/uploads\/2024\/03\/prima-tours-primatours-algerie-agence-de-voyage-dely-ibrahim-hadj-omra-2.jpg\" \/>\n<meta name=\"twitter:card\" content=\"summary_large_image\" \/>\n<script type=\"application\/ld+json\" class=\"yoast-schema-graph\">{\"@context\":\"https:\/\/schema.org\",\"@graph\":[{\"@type\":\"WebPage\",\"@id\":\"https:\/\/prima-tours.dz\/tourisme-etranger\/\",\"url\":\"https:\/\/prima-tours.dz\/tourisme-etranger\/\",\"name\":\"TOURISME \u00c9TRANGER - PRIMA TOURS\",\"isPartOf\":{\"@id\":\"https:\/\/prima-tours.dz\/#website\"},\"primaryImageOfPage\":{\"@id\":\"https:\/\/prima-tours.dz\/tourisme-etranger\/#primaryimage\"},\"image\":{\"@id\":\"https:\/\/prima-tours.dz\/tourisme-etranger\/#primaryimage\"},\"thumbnailUrl\":\"https:\/\/prima-tours.dz\/wp-content\/uploads\/2024\/03\/prima-tours-primatours-algerie-agence-de-voyage-dely-ibrahim-hadj-omra-2.jpg\",\"datePublished\":\"2024-03-14T13:54:07+00:00\",\"dateModified\":\"2024-03-18T22:06:45+00:00\",\"description\":\"\u00cates-vous pr\u00eat ? Explorez les principales destinations \u00c9gypte 1 Place Arabie Saoudite Hadj 1 Place Omra 1 Place Russie 1 Place Inde 1 Place Chine 1\",\"breadcrumb\":{\"@id\":\"https:\/\/prima-tours.dz\/tourisme-etranger\/#breadcrumb\"},\"inLanguage\":\"ar\",\"potentialAction\":[{\"@type\":\"ReadAction\",\"target\":[\"https:\/\/prima-tours.dz\/tourisme-etranger\/\"]}]},{\"@type\":\"ImageObject\",\"inLanguage\":\"ar\",\"@id\":\"https:\/\/prima-tours.dz\/tourisme-etranger\/#primaryimage\",\"url\":\"https:\/\/prima-tours.dz\/wp-content\/uploads\/2024\/03\/prima-tours-primatours-algerie-agence-de-voyage-dely-ibrahim-hadj-omra-2.jpg\",\"contentUrl\":\"https:\/\/prima-tours.dz\/wp-content\/uploads\/2024\/03\/prima-tours-primatours-algerie-agence-de-voyage-dely-ibrahim-hadj-omra-2.jpg\"},{\"@type\":\"BreadcrumbList\",\"@id\":\"https:\/\/prima-tours.dz\/tourisme-etranger\/#breadcrumb\",\"itemListElement\":[{\"@type\":\"ListItem\",\"position\":1,\"name\":\"Accueil\",\"item\":\"https:\/\/prima-tours.dz\/\"},{\"@type\":\"ListItem\",\"position\":2,\"name\":\"TOURISME \u00c9TRANGER\"}]},{\"@type\":\"WebSite\",\"@id\":\"https:\/\/prima-tours.dz\/#website\",\"url\":\"https:\/\/prima-tours.dz\/\",\"name\":\"PRIMA TOURS\",\"description\":\"Agence de Voyage en Alg\u00e9rie\",\"publisher\":{\"@id\":\"https:\/\/prima-tours.dz\/#organization\"},\"potentialAction\":[{\"@type\":\"SearchAction\",\"target\":{\"@type\":\"EntryPoint\",\"urlTemplate\":\"https:\/\/prima-tours.dz\/?s={search_term_string}\"},\"query-input\":{\"@type\":\"PropertyValueSpecification\",\"valueRequired\":true,\"valueName\":\"search_term_string\"}}],\"inLanguage\":\"ar\"},{\"@type\":\"Organization\",\"@id\":\"https:\/\/prima-tours.dz\/#organization\",\"name\":\"PRIMA TOURS\",\"url\":\"https:\/\/prima-tours.dz\/\",\"logo\":{\"@type\":\"ImageObject\",\"inLanguage\":\"ar\",\"@id\":\"https:\/\/prima-tours.dz\/#\/schema\/logo\/image\/\",\"url\":\"https:\/\/prima-tours.dz\/wp-content\/uploads\/2024\/03\/prima-tours-primatours-algerie-agence-de-voyage-dely-ibrahim-min.png\",\"contentUrl\":\"https:\/\/prima-tours.dz\/wp-content\/uploads\/2024\/03\/prima-tours-primatours-algerie-agence-de-voyage-dely-ibrahim-min.png\",\"width\":1433,\"height\":691,\"caption\":\"PRIMA TOURS\"},\"image\":{\"@id\":\"https:\/\/prima-tours.dz\/#\/schema\/logo\/image\/\"}}]}<\/script>\n<!-- \/ Yoast SEO plugin. -->","yoast_head_json":{"title":"TOURISME \u00c9TRANGER - PRIMA TOURS","description":"\u00cates-vous pr\u00eat ? Explorez les principales destinations \u00c9gypte 1 Place Arabie Saoudite Hadj 1 Place Omra 1 Place Russie 1 Place Inde 1 Place Chine 1","robots":{"index":"index","follow":"follow","max-snippet":"max-snippet:-1","max-image-preview":"max-image-preview:large","max-video-preview":"max-video-preview:-1"},"canonical":"https:\/\/prima-tours.dz\/ar\/tourisme-etranger\/","og_locale":"ar_AR","og_type":"article","og_title":"TOURISME \u00c9TRANGER - PRIMA TOURS","og_description":"\u00cates-vous pr\u00eat ? Explorez les principales destinations \u00c9gypte 1 Place Arabie Saoudite Hadj 1 Place Omra 1 Place Russie 1 Place Inde 1 Place Chine 1","og_url":"https:\/\/prima-tours.dz\/ar\/tourisme-etranger\/","og_site_name":"PRIMA TOURS","article_modified_time":"2024-03-18T22:06:45+00:00","og_image":[{"url":"https:\/\/prima-tours.dz\/wp-content\/uploads\/2024\/03\/prima-tours-primatours-algerie-agence-de-voyage-dely-ibrahim-hadj-omra-2.jpg","type":"","width":"","height":""}],"twitter_card":"summary_large_image","schema":{"@context":"https:\/\/schema.org","@graph":[{"@type":"WebPage","@id":"https:\/\/prima-tours.dz\/tourisme-etranger\/","url":"https:\/\/prima-tours.dz\/tourisme-etranger\/","name":"TOURISME \u00c9TRANGER - PRIMA TOURS","isPartOf":{"@id":"https:\/\/prima-tours.dz\/#website"},"primaryImageOfPage":{"@id":"https:\/\/prima-tours.dz\/tourisme-etranger\/#primaryimage"},"image":{"@id":"https:\/\/prima-tours.dz\/tourisme-etranger\/#primaryimage"},"thumbnailUrl":"https:\/\/prima-tours.dz\/wp-content\/uploads\/2024\/03\/prima-tours-primatours-algerie-agence-de-voyage-dely-ibrahim-hadj-omra-2.jpg","datePublished":"2024-03-14T13:54:07+00:00","dateModified":"2024-03-18T22:06:45+00:00","description":"\u00cates-vous pr\u00eat ? Explorez les principales destinations \u00c9gypte 1 Place Arabie Saoudite Hadj 1 Place Omra 1 Place Russie 1 Place Inde 1 Place Chine 1","breadcrumb":{"@id":"https:\/\/prima-tours.dz\/tourisme-etranger\/#breadcrumb"},"inLanguage":"ar","potentialAction":[{"@type":"ReadAction","target":["https:\/\/prima-tours.dz\/tourisme-etranger\/"]}]},{"@type":"ImageObject","inLanguage":"ar","@id":"https:\/\/prima-tours.dz\/tourisme-etranger\/#primaryimage","url":"https:\/\/prima-tours.dz\/wp-content\/uploads\/2024\/03\/prima-tours-primatours-algerie-agence-de-voyage-dely-ibrahim-hadj-omra-2.jpg","contentUrl":"https:\/\/prima-tours.dz\/wp-content\/uploads\/2024\/03\/prima-tours-primatours-algerie-agence-de-voyage-dely-ibrahim-hadj-omra-2.jpg"},{"@type":"BreadcrumbList","@id":"https:\/\/prima-tours.dz\/tourisme-etranger\/#breadcrumb","itemListElement":[{"@type":"ListItem","position":1,"name":"Accueil","item":"https:\/\/prima-tours.dz\/"},{"@type":"ListItem","position":2,"name":"TOURISME \u00c9TRANGER"}]},{"@type":"WebSite","@id":"https:\/\/prima-tours.dz\/#website","url":"https:\/\/prima-tours.dz\/","name":"PRIMA TOURS","description":"Agence de Voyage en Alg\u00e9rie","publisher":{"@id":"https:\/\/prima-tours.dz\/#organization"},"potentialAction":[{"@type":"SearchAction","target":{"@type":"EntryPoint","urlTemplate":"https:\/\/prima-tours.dz\/?s={search_term_string}"},"query-input":{"@type":"PropertyValueSpecification","valueRequired":true,"valueName":"search_term_string"}}],"inLanguage":"ar"},{"@type":"Organization","@id":"https:\/\/prima-tours.dz\/#organization","name":"PRIMA TOURS","url":"https:\/\/prima-tours.dz\/","logo":{"@type":"ImageObject","inLanguage":"ar","@id":"https:\/\/prima-tours.dz\/#\/schema\/logo\/image\/","url":"https:\/\/prima-tours.dz\/wp-content\/uploads\/2024\/03\/prima-tours-primatours-algerie-agence-de-voyage-dely-ibrahim-min.png","contentUrl":"https:\/\/prima-tours.dz\/wp-content\/uploads\/2024\/03\/prima-tours-primatours-algerie-agence-de-voyage-dely-ibrahim-min.png","width":1433,"height":691,"caption":"PRIMA TOURS"},"image":{"@id":"https:\/\/prima-tours.dz\/#\/schema\/logo\/image\/"}}]}},"_links":{"self":[{"href":"https:\/\/prima-tours.dz\/ar\/wp-json\/wp\/v2\/pages\/8375","targetHints":{"allow":["GET"]}}],"collection":[{"href":"https:\/\/prima-tours.dz\/ar\/wp-json\/wp\/v2\/pages"}],"about":[{"href":"https:\/\/prima-tours.dz\/ar\/wp-json\/wp\/v2\/types\/page"}],"author":[{"embeddable":true,"href":"https:\/\/prima-tours.dz\/ar\/wp-json\/wp\/v2\/users\/1"}],"replies":[{"embeddable":true,"href":"https:\/\/prima-tours.dz\/ar\/wp-json\/wp\/v2\/comments?post=8375"}],"version-history":[{"count":7,"href":"https:\/\/prima-tours.dz\/ar\/wp-json\/wp\/v2\/pages\/8375\/revisions"}],"predecessor-version":[{"id":8448,"href":"https:\/\/prima-tours.dz\/ar\/wp-json\/wp\/v2\/pages\/8375\/revisions\/8448"}],"wp:attachment":[{"href":"https:\/\/prima-tours.dz\/ar\/wp-json\/wp\/v2\/media?parent=8375"}],"curies":[{"name":"wp","href":"https:\/\/api.w.org\/{rel}","templated":true}]}}