{"id":8377,"date":"2024-03-14T14:54:53","date_gmt":"2024-03-14T13:54:53","guid":{"rendered":"https:\/\/prima-tours.dz\/?page_id=8377"},"modified":"2024-03-14T15:41:38","modified_gmt":"2024-03-14T14:41:38","slug":"tourisme-national","status":"publish","type":"page","link":"https:\/\/prima-tours.dz\/ar\/tourisme-national\/","title":{"rendered":"\u0633\u064a\u0627\u062d\u0629 \u0648\u0637\u0646\u064a\u0629"},"content":{"rendered":"<div data-elementor-type=\"wp-page\" data-elementor-id=\"8377\" class=\"elementor elementor-8377\" data-elementor-post-type=\"page\">\n\t\t\t\t\t\t<section class=\"elementor-section elementor-top-section elementor-element elementor-element-c297852 elementor-section-boxed elementor-section-height-default elementor-section-height-default\" data-id=\"c297852\" data-element_type=\"section\">\n\t\t\t\t\t\t<div class=\"elementor-container elementor-column-gap-no\">\n\t\t\t\t\t<div class=\"elementor-column elementor-col-33 elementor-top-column elementor-element elementor-element-f83b7d1\" data-id=\"f83b7d1\" data-element_type=\"column\">\n\t\t\t<div class=\"elementor-widget-wrap\">\n\t\t\t\t\t\t\t<\/div>\n\t\t<\/div>\n\t\t\t\t<div class=\"elementor-column elementor-col-33 elementor-top-column elementor-element elementor-element-1d36684\" data-id=\"1d36684\" data-element_type=\"column\">\n\t\t\t<div class=\"elementor-widget-wrap elementor-element-populated\">\n\t\t\t\t\t\t<div class=\"elementor-element elementor-element-78300f3 elementor-widget elementor-widget-turio_heading\" data-id=\"78300f3\" data-element_type=\"widget\" data-widget_type=\"turio_heading.default\">\n\t\t\t\t<div class=\"elementor-widget-container\">\n\t\t\t\t\t\t\t\t\t<div class=\"turio-heading-area wow animate fadeInUp\" data-wow-delay=\"400ms\">\n\t\t\t\t\t<div class=\"heading-section\">\n\t\t\t\t\t\t\t\t\t\t\t\t<div class=\"heading-subtitle\">\n\t\t\t\t\t\t\t\t<h4>\u0627\u0644\u0633\u064a\u0627\u062d\u0629 \u0627\u0644\u0648\u0637\u0646\u064a\u0629 | \u0627\u0644\u062c\u0632\u0627\u0626\u0631<\/h4>\n\t\t\t\t\t\t\t<\/div>\n\t\t\t\t\t\t\t\t\t\t\t\t\t\t\t\t\t\t\t<div class=\"heading-title section-head-gamma\">\n\t\t\t\t\t\t\t\t<h2>\u0627\u0643\u062a\u0634\u0641 \u062b\u0631\u0627\u0621 \u0628\u0644\u0627\u062f\u0646\u0627 \u0645\u0639 <em style=\"color:orange\">\u0628\u0631\u064a\u0645\u0627 \u062a\u0648\u0631<\/em><\/h2>\t\t\t\t\t\t\t<\/div>\n\t\t\t\t\t\t\t\t\t\t\t\t\t\t\t\t\t\t\t<div class=\"heading-description\">\n\t\t\t\t\t\t\t\t<p>\n<\/p>\n\t\t\t\t\t\t\t<\/div>\n\t\t\t\t\t\t\t\t\t\t\t\t\n\t\t\t\t\t<\/div>\n\t\t\t\t<\/div>\n        \t\t\t\t<\/div>\n\t\t\t\t<\/div>\n\t\t\t\t\t<\/div>\n\t\t<\/div>\n\t\t\t\t<div class=\"elementor-column elementor-col-33 elementor-top-column elementor-element elementor-element-977d8be\" data-id=\"977d8be\" data-element_type=\"column\">\n\t\t\t<div class=\"elementor-widget-wrap\">\n\t\t\t\t\t\t\t<\/div>\n\t\t<\/div>\n\t\t\t\t\t<\/div>\n\t\t<\/section>\n\t\t\t\t<section class=\"elementor-section elementor-top-section elementor-element elementor-element-81c9062 elementor-section-full_width elementor-section-height-default elementor-section-height-default\" data-id=\"81c9062\" data-element_type=\"section\">\n\t\t\t\t\t\t<div class=\"elementor-container elementor-column-gap-no\">\n\t\t\t\t\t<div class=\"elementor-column elementor-col-20 elementor-top-column elementor-element elementor-element-2a4e3e1\" data-id=\"2a4e3e1\" data-element_type=\"column\">\n\t\t\t<div class=\"elementor-widget-wrap elementor-element-populated\">\n\t\t\t\t<div class=\"elementor-element elementor-element-333b353 e-flex e-con-boxed e-con e-parent\" data-id=\"333b353\" data-element_type=\"container\">\n\t\t\t\t\t<div class=\"e-con-inner\">\n\t\t\t\t\t<\/div>\n\t\t\t\t<\/div>\n\t\t\t\t\t<\/div>\n\t\t<\/div>\n\t\t\t\t<div class=\"elementor-column elementor-col-20 elementor-top-column elementor-element elementor-element-d17897b\" data-id=\"d17897b\" data-element_type=\"column\">\n\t\t\t<div class=\"elementor-widget-wrap elementor-element-populated\">\n\t\t\t\t<div class=\"elementor-element elementor-element-b5cd4a7 e-flex e-con-boxed e-con e-parent\" data-id=\"b5cd4a7\" data-element_type=\"container\">\n\t\t\t\t\t<div class=\"e-con-inner\">\n\t\t\t\t<div class=\"elementor-element elementor-element-1f5cf2b elementor-widget elementor-widget-image\" data-id=\"1f5cf2b\" data-element_type=\"widget\" data-widget_type=\"image.default\">\n\t\t\t\t<div class=\"elementor-widget-container\">\n\t\t\t\t\t\t\t\t\t\t\t\t\t\t\t\t<a href=\"#\">\n\t\t\t\t\t\t\t<img fetchpriority=\"high\" decoding=\"async\" width=\"300\" height=\"200\" src=\"https:\/\/prima-tours.dz\/wp-content\/uploads\/2024\/03\/prima-tours-primatours-algerie-agence-de-voyage-dely-ibrahi33-6-300x200.jpg\" class=\"attachment-medium size-medium wp-image-8406\" alt=\"\" srcset=\"https:\/\/prima-tours.dz\/wp-content\/uploads\/2024\/03\/prima-tours-primatours-algerie-agence-de-voyage-dely-ibrahi33-6-300x200.jpg 300w, https:\/\/prima-tours.dz\/wp-content\/uploads\/2024\/03\/prima-tours-primatours-algerie-agence-de-voyage-dely-ibrahi33-6-768x511.jpg 768w, https:\/\/prima-tours.dz\/wp-content\/uploads\/2024\/03\/prima-tours-primatours-algerie-agence-de-voyage-dely-ibrahi33-6-600x400.jpg 600w, https:\/\/prima-tours.dz\/wp-content\/uploads\/2024\/03\/prima-tours-primatours-algerie-agence-de-voyage-dely-ibrahi33-6.jpg 1000w\" sizes=\"(max-width: 300px) 100vw, 300px\" \/>\t\t\t\t\t\t\t\t<\/a>\n\t\t\t\t\t\t\t\t\t\t\t\t\t\t\t<\/div>\n\t\t\t\t<\/div>\n\t\t\t\t<div class=\"elementor-element elementor-element-a560b47 elementor-widget elementor-widget-heading\" data-id=\"a560b47\" data-element_type=\"widget\" data-widget_type=\"heading.default\">\n\t\t\t\t<div class=\"elementor-widget-container\">\n\t\t\t\t\t<h4 class=\"elementor-heading-title elementor-size-default\">\u0637\u0627\u0633\u064a\u0644\u064a - \u0646\u0627\u062c\u0631<\/h4>\t\t\t\t<\/div>\n\t\t\t\t<\/div>\n\t\t\t\t\t<\/div>\n\t\t\t\t<\/div>\n\t\t\t\t\t<\/div>\n\t\t<\/div>\n\t\t\t\t<div class=\"elementor-column elementor-col-20 elementor-top-column elementor-element elementor-element-221def2\" data-id=\"221def2\" data-element_type=\"column\">\n\t\t\t<div class=\"elementor-widget-wrap elementor-element-populated\">\n\t\t\t\t<div class=\"elementor-element elementor-element-fb80d7f e-flex e-con-boxed e-con e-parent\" data-id=\"fb80d7f\" data-element_type=\"container\">\n\t\t\t\t\t<div class=\"e-con-inner\">\n\t\t\t\t<div class=\"elementor-element elementor-element-ff4590a elementor-widget elementor-widget-image\" data-id=\"ff4590a\" data-element_type=\"widget\" data-widget_type=\"image.default\">\n\t\t\t\t<div class=\"elementor-widget-container\">\n\t\t\t\t\t\t\t\t\t\t\t\t\t\t\t\t<a href=\"https:\/\/prima-tours.dz\/ar\/destination\/hoggar\/\">\n\t\t\t\t\t\t\t<img decoding=\"async\" width=\"300\" height=\"200\" src=\"https:\/\/prima-tours.dz\/wp-content\/uploads\/2024\/03\/prima-tours-primatours-algerie-agence-de-voyage-dely-ibrahim-6-300x200.jpg\" class=\"attachment-medium size-medium wp-image-8210\" alt=\"\" srcset=\"https:\/\/prima-tours.dz\/wp-content\/uploads\/2024\/03\/prima-tours-primatours-algerie-agence-de-voyage-dely-ibrahim-6-300x200.jpg 300w, https:\/\/prima-tours.dz\/wp-content\/uploads\/2024\/03\/prima-tours-primatours-algerie-agence-de-voyage-dely-ibrahim-6-768x511.jpg 768w, https:\/\/prima-tours.dz\/wp-content\/uploads\/2024\/03\/prima-tours-primatours-algerie-agence-de-voyage-dely-ibrahim-6.jpg 1000w\" sizes=\"(max-width: 300px) 100vw, 300px\" \/>\t\t\t\t\t\t\t\t<\/a>\n\t\t\t\t\t\t\t\t\t\t\t\t\t\t\t<\/div>\n\t\t\t\t<\/div>\n\t\t\t\t\t<\/div>\n\t\t\t\t<\/div>\n\t\t\t\t<div class=\"elementor-element elementor-element-061f8bd elementor-widget elementor-widget-heading\" data-id=\"061f8bd\" data-element_type=\"widget\" data-widget_type=\"heading.default\">\n\t\t\t\t<div class=\"elementor-widget-container\">\n\t\t\t\t\t<h4 class=\"elementor-heading-title elementor-size-default\"><a href=\"https:\/\/prima-tours.dz\/ar\/destination\/hoggar\/\">\u062c\u0628\u0627\u0644 \u0627\u0644\u0647\u0642\u0627\u0631<\/a><\/h4>\t\t\t\t<\/div>\n\t\t\t\t<\/div>\n\t\t\t\t\t<\/div>\n\t\t<\/div>\n\t\t\t\t<div class=\"elementor-column elementor-col-20 elementor-top-column elementor-element elementor-element-e900348\" data-id=\"e900348\" data-element_type=\"column\">\n\t\t\t<div class=\"elementor-widget-wrap elementor-element-populated\">\n\t\t\t\t<div class=\"elementor-element elementor-element-96c3304 e-flex e-con-boxed e-con e-parent\" data-id=\"96c3304\" data-element_type=\"container\">\n\t\t\t\t\t<div class=\"e-con-inner\">\n\t\t\t\t<div class=\"elementor-element elementor-element-b6f981c elementor-widget elementor-widget-image\" data-id=\"b6f981c\" data-element_type=\"widget\" data-widget_type=\"image.default\">\n\t\t\t\t<div class=\"elementor-widget-container\">\n\t\t\t\t\t\t\t\t\t\t\t\t\t\t\t\t<a href=\"https:\/\/prima-tours.dz\/ar\/destination\/bou-saada\/\">\n\t\t\t\t\t\t\t<img decoding=\"async\" width=\"300\" height=\"200\" src=\"https:\/\/prima-tours.dz\/wp-content\/uploads\/2024\/03\/prima-tours-primatours-algerie-agence-de-voyage-dely-ibrahi33-ccc-6-300x200.jpg\" class=\"attachment-medium size-medium wp-image-8405\" alt=\"\" srcset=\"https:\/\/prima-tours.dz\/wp-content\/uploads\/2024\/03\/prima-tours-primatours-algerie-agence-de-voyage-dely-ibrahi33-ccc-6-300x200.jpg 300w, https:\/\/prima-tours.dz\/wp-content\/uploads\/2024\/03\/prima-tours-primatours-algerie-agence-de-voyage-dely-ibrahi33-ccc-6-768x511.jpg 768w, https:\/\/prima-tours.dz\/wp-content\/uploads\/2024\/03\/prima-tours-primatours-algerie-agence-de-voyage-dely-ibrahi33-ccc-6-600x400.jpg 600w, https:\/\/prima-tours.dz\/wp-content\/uploads\/2024\/03\/prima-tours-primatours-algerie-agence-de-voyage-dely-ibrahi33-ccc-6.jpg 1000w\" sizes=\"(max-width: 300px) 100vw, 300px\" \/>\t\t\t\t\t\t\t\t<\/a>\n\t\t\t\t\t\t\t\t\t\t\t\t\t\t\t<\/div>\n\t\t\t\t<\/div>\n\t\t\t\t\t<\/div>\n\t\t\t\t<\/div>\n\t\t\t\t<div class=\"elementor-element elementor-element-4ce9c25 elementor-widget elementor-widget-heading\" data-id=\"4ce9c25\" data-element_type=\"widget\" data-widget_type=\"heading.default\">\n\t\t\t\t<div class=\"elementor-widget-container\">\n\t\t\t\t\t<h4 class=\"elementor-heading-title elementor-size-default\"><a href=\"https:\/\/prima-tours.dz\/ar\/destination\/bou-saada\/\">\u0628\u0648\u0633\u0639\u0627\u062f\u0629<\/a><\/h4>\t\t\t\t<\/div>\n\t\t\t\t<\/div>\n\t\t\t\t\t<\/div>\n\t\t<\/div>\n\t\t\t\t<div class=\"elementor-column elementor-col-20 elementor-top-column elementor-element elementor-element-8e04caf\" data-id=\"8e04caf\" data-element_type=\"column\">\n\t\t\t<div class=\"elementor-widget-wrap elementor-element-populated\">\n\t\t\t\t<div class=\"elementor-element elementor-element-f765173 e-flex e-con-boxed e-con e-parent\" data-id=\"f765173\" data-element_type=\"container\">\n\t\t\t\t\t<div class=\"e-con-inner\">\n\t\t\t\t\t<\/div>\n\t\t\t\t<\/div>\n\t\t\t\t\t<\/div>\n\t\t<\/div>\n\t\t\t\t\t<\/div>\n\t\t<\/section>\n\t\t\t\t<\/div>","protected":false},"excerpt":{"rendered":"<p>Tourisme National | Alg\u00e9rie D\u00e9couvrez la richesse de notre pays avec PRIMA TOURS Tassili N&rsquo;Adjer Hoggar Bou Sa\u00e2da<\/p>","protected":false},"author":1,"featured_media":0,"parent":0,"menu_order":0,"comment_status":"closed","ping_status":"closed","template":"","meta":{"inline_featured_image":false,"footnotes":""},"class_list":["post-8377","page","type-page","status-publish","hentry"],"yoast_head":"<!-- This site is optimized with the Yoast SEO plugin v25.1 - https:\/\/yoast.com\/wordpress\/plugins\/seo\/ -->\n<title>TOURISME NATIONAL - PRIMA TOURS<\/title>\n<meta name=\"description\" content=\"Tourisme National | Alg\u00e9rie D\u00e9couvrez la richesse de notre pays avec PRIMA TOURS Tassili N&#039;Adjer Hoggar Bou\" \/>\n<meta name=\"robots\" content=\"index, follow, max-snippet:-1, max-image-preview:large, max-video-preview:-1\" \/>\n<link rel=\"canonical\" href=\"https:\/\/prima-tours.dz\/ar\/tourisme-national\/\" \/>\n<meta property=\"og:locale\" content=\"ar_AR\" \/>\n<meta property=\"og:type\" content=\"article\" \/>\n<meta property=\"og:title\" content=\"TOURISME NATIONAL - PRIMA TOURS\" \/>\n<meta property=\"og:description\" content=\"Tourisme National | Alg\u00e9rie D\u00e9couvrez la richesse de notre pays avec PRIMA TOURS Tassili N&#039;Adjer Hoggar Bou\" \/>\n<meta property=\"og:url\" content=\"https:\/\/prima-tours.dz\/ar\/tourisme-national\/\" \/>\n<meta property=\"og:site_name\" content=\"PRIMA TOURS\" \/>\n<meta property=\"article:modified_time\" content=\"2024-03-14T14:41:38+00:00\" \/>\n<meta property=\"og:image\" content=\"https:\/\/prima-tours.dz\/wp-content\/uploads\/2024\/03\/prima-tours-primatours-algerie-agence-de-voyage-dely-ibrahi33-6-300x200.jpg\" \/>\n<meta name=\"twitter:card\" content=\"summary_large_image\" \/>\n<script type=\"application\/ld+json\" class=\"yoast-schema-graph\">{\"@context\":\"https:\/\/schema.org\",\"@graph\":[{\"@type\":\"WebPage\",\"@id\":\"https:\/\/prima-tours.dz\/tourisme-national\/\",\"url\":\"https:\/\/prima-tours.dz\/tourisme-national\/\",\"name\":\"TOURISME NATIONAL - PRIMA TOURS\",\"isPartOf\":{\"@id\":\"https:\/\/prima-tours.dz\/#website\"},\"primaryImageOfPage\":{\"@id\":\"https:\/\/prima-tours.dz\/tourisme-national\/#primaryimage\"},\"image\":{\"@id\":\"https:\/\/prima-tours.dz\/tourisme-national\/#primaryimage\"},\"thumbnailUrl\":\"https:\/\/prima-tours.dz\/wp-content\/uploads\/2024\/03\/prima-tours-primatours-algerie-agence-de-voyage-dely-ibrahi33-6-300x200.jpg\",\"datePublished\":\"2024-03-14T13:54:53+00:00\",\"dateModified\":\"2024-03-14T14:41:38+00:00\",\"description\":\"Tourisme National | Alg\u00e9rie D\u00e9couvrez la richesse de notre pays avec PRIMA TOURS Tassili N'Adjer Hoggar Bou\",\"breadcrumb\":{\"@id\":\"https:\/\/prima-tours.dz\/tourisme-national\/#breadcrumb\"},\"inLanguage\":\"ar\",\"potentialAction\":[{\"@type\":\"ReadAction\",\"target\":[\"https:\/\/prima-tours.dz\/tourisme-national\/\"]}]},{\"@type\":\"ImageObject\",\"inLanguage\":\"ar\",\"@id\":\"https:\/\/prima-tours.dz\/tourisme-national\/#primaryimage\",\"url\":\"https:\/\/prima-tours.dz\/wp-content\/uploads\/2024\/03\/prima-tours-primatours-algerie-agence-de-voyage-dely-ibrahi33-6-300x200.jpg\",\"contentUrl\":\"https:\/\/prima-tours.dz\/wp-content\/uploads\/2024\/03\/prima-tours-primatours-algerie-agence-de-voyage-dely-ibrahi33-6-300x200.jpg\"},{\"@type\":\"BreadcrumbList\",\"@id\":\"https:\/\/prima-tours.dz\/tourisme-national\/#breadcrumb\",\"itemListElement\":[{\"@type\":\"ListItem\",\"position\":1,\"name\":\"Accueil\",\"item\":\"https:\/\/prima-tours.dz\/\"},{\"@type\":\"ListItem\",\"position\":2,\"name\":\"TOURISME NATIONAL\"}]},{\"@type\":\"WebSite\",\"@id\":\"https:\/\/prima-tours.dz\/#website\",\"url\":\"https:\/\/prima-tours.dz\/\",\"name\":\"PRIMA TOURS\",\"description\":\"Agence de Voyage en Alg\u00e9rie\",\"publisher\":{\"@id\":\"https:\/\/prima-tours.dz\/#organization\"},\"potentialAction\":[{\"@type\":\"SearchAction\",\"target\":{\"@type\":\"EntryPoint\",\"urlTemplate\":\"https:\/\/prima-tours.dz\/?s={search_term_string}\"},\"query-input\":{\"@type\":\"PropertyValueSpecification\",\"valueRequired\":true,\"valueName\":\"search_term_string\"}}],\"inLanguage\":\"ar\"},{\"@type\":\"Organization\",\"@id\":\"https:\/\/prima-tours.dz\/#organization\",\"name\":\"PRIMA TOURS\",\"url\":\"https:\/\/prima-tours.dz\/\",\"logo\":{\"@type\":\"ImageObject\",\"inLanguage\":\"ar\",\"@id\":\"https:\/\/prima-tours.dz\/#\/schema\/logo\/image\/\",\"url\":\"https:\/\/prima-tours.dz\/wp-content\/uploads\/2024\/03\/prima-tours-primatours-algerie-agence-de-voyage-dely-ibrahim-min.png\",\"contentUrl\":\"https:\/\/prima-tours.dz\/wp-content\/uploads\/2024\/03\/prima-tours-primatours-algerie-agence-de-voyage-dely-ibrahim-min.png\",\"width\":1433,\"height\":691,\"caption\":\"PRIMA TOURS\"},\"image\":{\"@id\":\"https:\/\/prima-tours.dz\/#\/schema\/logo\/image\/\"}}]}<\/script>\n<!-- \/ Yoast SEO plugin. -->","yoast_head_json":{"title":"TOURISME NATIONAL - PRIMA TOURS","description":"Tourisme National | Alg\u00e9rie D\u00e9couvrez la richesse de notre pays avec PRIMA TOURS Tassili N'Adjer Hoggar Bou","robots":{"index":"index","follow":"follow","max-snippet":"max-snippet:-1","max-image-preview":"max-image-preview:large","max-video-preview":"max-video-preview:-1"},"canonical":"https:\/\/prima-tours.dz\/ar\/tourisme-national\/","og_locale":"ar_AR","og_type":"article","og_title":"TOURISME NATIONAL - PRIMA TOURS","og_description":"Tourisme National | Alg\u00e9rie D\u00e9couvrez la richesse de notre pays avec PRIMA TOURS Tassili N'Adjer Hoggar Bou","og_url":"https:\/\/prima-tours.dz\/ar\/tourisme-national\/","og_site_name":"PRIMA TOURS","article_modified_time":"2024-03-14T14:41:38+00:00","og_image":[{"url":"https:\/\/prima-tours.dz\/wp-content\/uploads\/2024\/03\/prima-tours-primatours-algerie-agence-de-voyage-dely-ibrahi33-6-300x200.jpg","type":"","width":"","height":""}],"twitter_card":"summary_large_image","schema":{"@context":"https:\/\/schema.org","@graph":[{"@type":"WebPage","@id":"https:\/\/prima-tours.dz\/tourisme-national\/","url":"https:\/\/prima-tours.dz\/tourisme-national\/","name":"TOURISME NATIONAL - PRIMA TOURS","isPartOf":{"@id":"https:\/\/prima-tours.dz\/#website"},"primaryImageOfPage":{"@id":"https:\/\/prima-tours.dz\/tourisme-national\/#primaryimage"},"image":{"@id":"https:\/\/prima-tours.dz\/tourisme-national\/#primaryimage"},"thumbnailUrl":"https:\/\/prima-tours.dz\/wp-content\/uploads\/2024\/03\/prima-tours-primatours-algerie-agence-de-voyage-dely-ibrahi33-6-300x200.jpg","datePublished":"2024-03-14T13:54:53+00:00","dateModified":"2024-03-14T14:41:38+00:00","description":"Tourisme National | Alg\u00e9rie D\u00e9couvrez la richesse de notre pays avec PRIMA TOURS Tassili N'Adjer Hoggar Bou","breadcrumb":{"@id":"https:\/\/prima-tours.dz\/tourisme-national\/#breadcrumb"},"inLanguage":"ar","potentialAction":[{"@type":"ReadAction","target":["https:\/\/prima-tours.dz\/tourisme-national\/"]}]},{"@type":"ImageObject","inLanguage":"ar","@id":"https:\/\/prima-tours.dz\/tourisme-national\/#primaryimage","url":"https:\/\/prima-tours.dz\/wp-content\/uploads\/2024\/03\/prima-tours-primatours-algerie-agence-de-voyage-dely-ibrahi33-6-300x200.jpg","contentUrl":"https:\/\/prima-tours.dz\/wp-content\/uploads\/2024\/03\/prima-tours-primatours-algerie-agence-de-voyage-dely-ibrahi33-6-300x200.jpg"},{"@type":"BreadcrumbList","@id":"https:\/\/prima-tours.dz\/tourisme-national\/#breadcrumb","itemListElement":[{"@type":"ListItem","position":1,"name":"Accueil","item":"https:\/\/prima-tours.dz\/"},{"@type":"ListItem","position":2,"name":"TOURISME NATIONAL"}]},{"@type":"WebSite","@id":"https:\/\/prima-tours.dz\/#website","url":"https:\/\/prima-tours.dz\/","name":"PRIMA TOURS","description":"Agence de Voyage en Alg\u00e9rie","publisher":{"@id":"https:\/\/prima-tours.dz\/#organization"},"potentialAction":[{"@type":"SearchAction","target":{"@type":"EntryPoint","urlTemplate":"https:\/\/prima-tours.dz\/?s={search_term_string}"},"query-input":{"@type":"PropertyValueSpecification","valueRequired":true,"valueName":"search_term_string"}}],"inLanguage":"ar"},{"@type":"Organization","@id":"https:\/\/prima-tours.dz\/#organization","name":"PRIMA TOURS","url":"https:\/\/prima-tours.dz\/","logo":{"@type":"ImageObject","inLanguage":"ar","@id":"https:\/\/prima-tours.dz\/#\/schema\/logo\/image\/","url":"https:\/\/prima-tours.dz\/wp-content\/uploads\/2024\/03\/prima-tours-primatours-algerie-agence-de-voyage-dely-ibrahim-min.png","contentUrl":"https:\/\/prima-tours.dz\/wp-content\/uploads\/2024\/03\/prima-tours-primatours-algerie-agence-de-voyage-dely-ibrahim-min.png","width":1433,"height":691,"caption":"PRIMA TOURS"},"image":{"@id":"https:\/\/prima-tours.dz\/#\/schema\/logo\/image\/"}}]}},"_links":{"self":[{"href":"https:\/\/prima-tours.dz\/ar\/wp-json\/wp\/v2\/pages\/8377","targetHints":{"allow":["GET"]}}],"collection":[{"href":"https:\/\/prima-tours.dz\/ar\/wp-json\/wp\/v2\/pages"}],"about":[{"href":"https:\/\/prima-tours.dz\/ar\/wp-json\/wp\/v2\/types\/page"}],"author":[{"embeddable":true,"href":"https:\/\/prima-tours.dz\/ar\/wp-json\/wp\/v2\/users\/1"}],"replies":[{"embeddable":true,"href":"https:\/\/prima-tours.dz\/ar\/wp-json\/wp\/v2\/comments?post=8377"}],"version-history":[{"count":34,"href":"https:\/\/prima-tours.dz\/ar\/wp-json\/wp\/v2\/pages\/8377\/revisions"}],"predecessor-version":[{"id":8425,"href":"https:\/\/prima-tours.dz\/ar\/wp-json\/wp\/v2\/pages\/8377\/revisions\/8425"}],"wp:attachment":[{"href":"https:\/\/prima-tours.dz\/ar\/wp-json\/wp\/v2\/media?parent=8377"}],"curies":[{"name":"wp","href":"https:\/\/api.w.org\/{rel}","templated":true}]}}